{"id":2,"date":"2024-06-25T10:39:40","date_gmt":"2024-06-25T08:39:40","guid":{"rendered":"http:\/\/digitallight.pl\/?page_id=2"},"modified":"2024-06-25T12:02:49","modified_gmt":"2024-06-25T10:02:49","slug":"o-firmie","status":"publish","type":"page","link":"http:\/\/digitallight.pl\/?page_id=2","title":{"rendered":"O firmie"},"content":{"rendered":"\n<p><strong>KR\u00d3TKIE INFO I NAJWA\u017bNIEJSZE INFORMACJE<\/strong><br><\/p>\n\n\n\n<p><strong>JAK KSZTA\u0141TUJ\u0104 SI\u0118 CENY ZA US\u0141UGI?<\/strong><br>Ka\u017cde zlecenie jest indywidualnie ustalane z klientem. Ceny s\u0105 zr\u00f3\u017cnicowane w zale\u017cno\u015bci od ilo\u015bci wykorzystanego sprz\u0119tu, miejsca jego wykorzystania a tak\u017ce czy jest to sta\u0142y klient czy te\u017c nowy. Zatem je\u017celi s\u0105 Pa\u0144stwo zainteresowani ofert\u0105 &#8211; zapraszam do negocjacji<\/p>\n\n\n\n<blockquote class=\"wp-block-quote is-style-plain is-layout-flow wp-block-quote-is-layout-flow\">\n<p><strong>DO\u015aWIADCZENIE<\/strong><br>Obs\u0142ug\u0105 imprez zajmuj\u0119 si\u0119 od kilku lat. Do\u015bwiadczenie jakie uzyska\u0142em pozwala dostosowa\u0107 si\u0119 zar\u00f3wno do wymaga\u0144 klienta jak i &#8222;nag\u0142ych&#8221; sytuacji jakie mog\u0105 pojawi\u0107 si\u0119 ju\u017c na miejscu. Profesjonalne podej\u015bcie do zlecenia pozwala klientowi cieszy\u0107 si\u0119 efektem ko\u0144cowym a nie zastanawia\u0107 si\u0119 czy impreza si\u0119 uda.<\/p>\n<\/blockquote>\n\n\n\n<p><\/p>\n\n\n\n<blockquote class=\"wp-block-quote is-style-plain is-layout-flow wp-block-quote-is-layout-flow\">\n<p><strong>SPRZ\u0118T<\/strong><br>W zale\u017cno\u015bci od zlecenia i potrzeb w nim si\u0119 znajduj\u0105cych, dostosowuj\u0119 sprz\u0119t do mo\u017cliwo\u015bci lokalowych jak i plenerowych, tak aby klient by\u0142 zadowolony. Podpowiadam tak\u017ce klientom, jaki sprz\u0119t b\u0119dzie dla danej sytuacji najbardziej optymalnym rozwi\u0105zaniem.<\/p>\n\n\n\n<p><strong>OBS\u0141UGA IMPREZY<\/strong><br>W zale\u017cno\u015bci od wielko\u015bci zlecenia dzia\u0142am samodzielnie lub wraz z wsp\u00f3\u0142pracownikami. Dlatego te\u017c przy wi\u0119kszych zleceniach nie ma obaw, \u017ce mo\u017ce si\u0119 co\u015b nie uda\u0107, czy te\u017c realizacja mo\u017ce si\u0119 op\u00f3\u017ani\u0107. Wszystko jest na czas i nie ma mo\u017cliwo\u015bci, \u017ce klient nie b\u0119dzie zadowolony (uwzgl\u0119dniaj\u0105c sytuacje awaryjne).<\/p>\n\n\n\n<p><strong>CZAS REALIZACJI<\/strong><br>Wszystkie zlecenia zrealizowane s\u0105 terminowo, zgodnie z ustaleniami. W przypadku zmian w ustaleniach, prosz\u0119 o kontakt telefoniczny.<\/p>\n\n\n\n<p><strong>REFERENCJE I REALIZACJE<\/strong><br>W przypadku potrzeby uzyskania informacji na temat realizacji, prosz\u0119 o kontakt telefoniczny.<\/p>\n<\/blockquote>\n\n\n\n<p><\/p>\n    <!-- sktbuilder starter --><script type=\"text\/javascript\" src=\"http:\/\/digitallight.pl\/wp-content\/plugins\/skt-builder\/sktbuilder\/sktbuilder-frontend-starter.js\"><\/script><script type=\"text\/javascript\" src=\"http:\/\/digitallight.pl\/wp-content\/plugins\/skt-builder\/sktbuilder-wordpress-driver.js\"><\/script><script type=\"text\/javascript\"> var starter = new SktbuilderStarter({\"mode\": \"prod\", \"skip\":[\"jquery\",\"underscore\",\"backbone\"],\"sktbuilderUrl\": \"http:\/\/digitallight.pl\/wp-content\/plugins\/skt-builder\/sktbuilder\/\", \"driver\": new SktbuilderWordpressDriver({\"ajaxUrl\": \"http:\/\/digitallight.pl\/wp-admin\/admin-ajax.php\", \"iframeUrl\": \"http:\/\/digitallight.pl\/?page_id=2&sktbuilder=true\", \"pageId\": 2, \"pages\": [], \"page\": \"O firmie\" }) });<\/script><!-- end sktbuilder starter -->","protected":false},"excerpt":{"rendered":"<p>KR\u00d3TKIE INFO I NAJWA\u017bNIEJSZE INFORMACJE JAK KSZTA\u0141TUJ\u0104 SI\u0118 CENY ZA US\u0141UGI?Ka\u017cde zlecenie jest indywidualnie ustalane z klientem. Ceny s\u0105 zr\u00f3\u017cnicowane w zale\u017cno\u015bci od ilo\u015bci wykorzystanego sprz\u0119tu, miejsca jego wykorzystania a tak\u017ce czy jest to sta\u0142y klient czy te\u017c nowy. Zatem je\u017celi s\u0105 Pa\u0144stwo zainteresowani ofert\u0105 &#8211; zapraszam do negocjacji DO\u015aWIADCZENIEObs\u0142ug\u0105 imprez zajmuj\u0119 si\u0119 od kilku<br \/><a class=\"moretag\" href=\"http:\/\/digitallight.pl\/?page_id=2\">+ Read More<\/a><\/p>\n","protected":false},"author":1,"featured_media":0,"parent":0,"menu_order":0,"comment_status":"closed","ping_status":"closed","template":"","meta":{"footnotes":""},"class_list":["post-2","page","type-page","status-publish","hentry"],"_links":{"self":[{"href":"http:\/\/digitallight.pl\/index.php?rest_route=\/wp\/v2\/pages\/2","targetHints":{"allow":["GET"]}}],"collection":[{"href":"http:\/\/digitallight.pl\/index.php?rest_route=\/wp\/v2\/pages"}],"about":[{"href":"http:\/\/digitallight.pl\/index.php?rest_route=\/wp\/v2\/types\/page"}],"author":[{"embeddable":true,"href":"http:\/\/digitallight.pl\/index.php?rest_route=\/wp\/v2\/users\/1"}],"replies":[{"embeddable":true,"href":"http:\/\/digitallight.pl\/index.php?rest_route=%2Fwp%2Fv2%2Fcomments&post=2"}],"version-history":[{"count":4,"href":"http:\/\/digitallight.pl\/index.php?rest_route=\/wp\/v2\/pages\/2\/revisions"}],"predecessor-version":[{"id":14,"href":"http:\/\/digitallight.pl\/index.php?rest_route=\/wp\/v2\/pages\/2\/revisions\/14"}],"wp:attachment":[{"href":"http:\/\/digitallight.pl\/index.php?rest_route=%2Fwp%2Fv2%2Fmedia&parent=2"}],"curies":[{"name":"wp","href":"https:\/\/api.w.org\/{rel}","templated":true}]}}