{"id":36,"date":"2024-06-25T12:21:21","date_gmt":"2024-06-25T10:21:21","guid":{"rendered":"http:\/\/digitallight.pl\/?page_id=36"},"modified":"2025-03-03T08:43:49","modified_gmt":"2025-03-03T07:43:49","slug":"kontakt","status":"publish","type":"page","link":"http:\/\/digitallight.pl\/?page_id=36","title":{"rendered":"Kontakt"},"content":{"rendered":"\n<p><strong>Damian St\u0119pie\u0144<\/strong><br>11-300 Biskupiec<br><strong>E-mail:<\/strong> biuro@digitallight.pl<br><strong>Telefon kom\u00f3rkowy:<\/strong> 502 170 709<\/p>\n    <!-- sktbuilder starter --><script type=\"text\/javascript\" src=\"http:\/\/digitallight.pl\/wp-content\/plugins\/skt-builder\/sktbuilder\/sktbuilder-frontend-starter.js\"><\/script><script type=\"text\/javascript\" src=\"http:\/\/digitallight.pl\/wp-content\/plugins\/skt-builder\/sktbuilder-wordpress-driver.js\"><\/script><script type=\"text\/javascript\"> var starter = new SktbuilderStarter({\"mode\": \"prod\", \"skip\":[\"jquery\",\"underscore\",\"backbone\"],\"sktbuilderUrl\": \"http:\/\/digitallight.pl\/wp-content\/plugins\/skt-builder\/sktbuilder\/\", \"driver\": new SktbuilderWordpressDriver({\"ajaxUrl\": \"http:\/\/digitallight.pl\/wp-admin\/admin-ajax.php\", \"iframeUrl\": \"http:\/\/digitallight.pl\/?page_id=36&sktbuilder=true\", \"pageId\": 36, \"pages\": [], \"page\": \"Kontakt\" }) });<\/script><!-- end sktbuilder starter -->","protected":false},"excerpt":{"rendered":"<p>Damian St\u0119pie\u014411-300 BiskupiecE-mail: biuro@digitallight.plTelefon kom\u00f3rkowy: 502 170 709<\/p>\n","protected":false},"author":1,"featured_media":0,"parent":0,"menu_order":0,"comment_status":"closed","ping_status":"closed","template":"","meta":{"footnotes":""},"class_list":["post-36","page","type-page","status-publish","hentry"],"_links":{"self":[{"href":"http:\/\/digitallight.pl\/index.php?rest_route=\/wp\/v2\/pages\/36","targetHints":{"allow":["GET"]}}],"collection":[{"href":"http:\/\/digitallight.pl\/index.php?rest_route=\/wp\/v2\/pages"}],"about":[{"href":"http:\/\/digitallight.pl\/index.php?rest_route=\/wp\/v2\/types\/page"}],"author":[{"embeddable":true,"href":"http:\/\/digitallight.pl\/index.php?rest_route=\/wp\/v2\/users\/1"}],"replies":[{"embeddable":true,"href":"http:\/\/digitallight.pl\/index.php?rest_route=%2Fwp%2Fv2%2Fcomments&post=36"}],"version-history":[{"count":2,"href":"http:\/\/digitallight.pl\/index.php?rest_route=\/wp\/v2\/pages\/36\/revisions"}],"predecessor-version":[{"id":44,"href":"http:\/\/digitallight.pl\/index.php?rest_route=\/wp\/v2\/pages\/36\/revisions\/44"}],"wp:attachment":[{"href":"http:\/\/digitallight.pl\/index.php?rest_route=%2Fwp%2Fv2%2Fmedia&parent=36"}],"curies":[{"name":"wp","href":"https:\/\/api.w.org\/{rel}","templated":true}]}}